{"id":1695,"date":"2022-11-15T14:08:33","date_gmt":"2022-11-15T13:08:33","guid":{"rendered":"https:\/\/lewebpedagogique.com\/btscss76\/?page_id=1695"},"modified":"2022-11-15T14:08:33","modified_gmt":"2022-11-15T13:08:33","slug":"manche-50","status":"publish","type":"page","link":"https:\/\/btstourisme.jfguillou.fr\/index.php\/manche-50\/","title":{"rendered":"Manche (50)"},"content":{"rendered":"\n<figure class=\"wp-block-image size-full\"><img decoding=\"async\" src=\"https:\/\/lewebpedagogique.com\/btscss76\/files\/2022\/11\/Capture-de\u0301cran-2022-11-15-a\u0300-17.24.31.png\" alt=\"\" class=\"wp-image-1709\" \/><\/figure>\n\n\n\n<p><a href=\"https:\/\/www.manchetourisme.com\/\">https:\/\/www.manchetourisme.com\/<\/a><br>\u00e9diteur : Attitude Manche # agence d&rsquo;attractivit\u00e9 de la Manche (association loi de 1901)<br>D\u00e9partement de la Manche<\/p>\n\n\n\n<p><\/p>\n","protected":false},"excerpt":{"rendered":"<p>https:\/\/www.manchetourisme.com\/\u00e9diteur : Attitude Manche # agence d&rsquo;attractivit\u00e9 de la Manche (association loi de 1901)D\u00e9partement de la Manche<\/p>\n","protected":false},"author":1,"featured_media":0,"parent":0,"menu_order":0,"comment_status":"closed","ping_status":"closed","template":"","meta":[],"_links":{"self":[{"href":"https:\/\/btstourisme.jfguillou.fr\/index.php\/wp-json\/wp\/v2\/pages\/1695"}],"collection":[{"href":"https:\/\/btstourisme.jfguillou.fr\/index.php\/wp-json\/wp\/v2\/pages"}],"about":[{"href":"https:\/\/btstourisme.jfguillou.fr\/index.php\/wp-json\/wp\/v2\/types\/page"}],"author":[{"embeddable":true,"href":"https:\/\/btstourisme.jfguillou.fr\/index.php\/wp-json\/wp\/v2\/users\/1"}],"replies":[{"embeddable":true,"href":"https:\/\/btstourisme.jfguillou.fr\/index.php\/wp-json\/wp\/v2\/comments?post=1695"}],"version-history":[{"count":0,"href":"https:\/\/btstourisme.jfguillou.fr\/index.php\/wp-json\/wp\/v2\/pages\/1695\/revisions"}],"wp:attachment":[{"href":"https:\/\/btstourisme.jfguillou.fr\/index.php\/wp-json\/wp\/v2\/media?parent=1695"}],"curies":[{"name":"wp","href":"https:\/\/api.w.org\/{rel}","templated":true}]}}