{"id":1280,"date":"2022-11-06T18:26:07","date_gmt":"2022-11-06T17:26:07","guid":{"rendered":"https:\/\/lewebpedagogique.com\/btscss76\/?page_id=1280"},"modified":"2022-11-06T18:26:07","modified_gmt":"2022-11-06T17:26:07","slug":"le-bts-tourisme","status":"publish","type":"page","link":"https:\/\/btstourisme.jfguillou.fr\/index.php\/le-bts-tourisme\/","title":{"rendered":"le BTS Tourisme"},"content":{"rendered":"\n<p><a href=\"https:\/\/www.facebook.com\/groups\/193619114114392\/discussion\/preview\">https:\/\/www.facebook.com\/groups\/193619114114392\/discussion\/preview<\/a><\/p>\n\n\n\n<figure class=\"wp-block-image size-full\"><img decoding=\"async\" src=\"https:\/\/lewebpedagogique.com\/btscss76\/files\/2022\/11\/Capture-de\u0301cran-2022-11-06-a\u0300-18.20.59.png\" alt=\"\" class=\"wp-image-1281\" \/><\/figure>\n\n\n\n<figure class=\"wp-block-embed is-type-video is-provider-youtube wp-block-embed-youtube wp-embed-aspect-16-9 wp-has-aspect-ratio\"><div class=\"wp-block-embed__wrapper\">\n<iframe loading=\"lazy\" title=\"BTS TOURISME 1\" width=\"600\" height=\"338\" src=\"https:\/\/www.youtube.com\/embed\/r8rFl6d-pHg?start=50&#038;feature=oembed\" frameborder=\"0\" allow=\"accelerometer; autoplay; clipboard-write; encrypted-media; gyroscope; picture-in-picture\" allowfullscreen><\/iframe>\n<\/div><\/figure>\n\n\n\n<p style=\"font-size:24px\"><a href=\"https:\/\/www.cidj.com\/etudes-formations-alternance\/les-diplomes\/bts-tourisme\"><strong>Organisation et contenu de la formation BTS Tourisme<\/strong><\/a><\/p>\n\n\n\n<p>Le <strong>BTS Tourisme<\/strong> est une formation g\u00e9n\u00e9raliste qui comprend 31h d\u2019enseignements hebdomadaires (cours, travaux dirig\u00e9s, travaux pratiques) en 1\u00e8re ann\u00e9e et en 2\u00e8me ann\u00e9e.<\/p>\n\n\n\n<p>Les&nbsp; horaires, pour la formation initiale, s&rsquo;organisent comme suit :<\/p>\n\n\n\n<ul><li>Culture g\u00e9n\u00e9rale et expression : 2h (1\u00e8re ann\u00e9e, 2\u00e8me ann\u00e9e)<\/li><li>LV1(anglais) : 3&nbsp;(1\u00e8re ann\u00e9e, 2\u00e8me ann\u00e9e)<\/li><li>LV2 : 3h (1\u00e8re ann\u00e9e, 2\u00e8me ann\u00e9e)<\/li><li><strong>Tourisme <\/strong>et territoire : 5h (1\u00e8re ann\u00e9e), 4h (2\u00e8me ann\u00e9e)<\/li><li>Gestion de la relation client\u00e8le touristique : 5h (1\u00e8re ann\u00e9e), 6h (2\u00e8me ann\u00e9e),<\/li><li>\u00c9laboration d&rsquo;une prestation touristique : 7h (1\u00e8re ann\u00e9e, 2\u00e8me ann\u00e9e),<\/li><li>Gestion de l&rsquo;information touristique : 3h&nbsp;(1\u00e8re ann\u00e9e, 2\u00e8me ann\u00e9e),<\/li><li>Atelier de professionnalisation : 3h (1\u00e8re ann\u00e9e, 2\u00e8me ann\u00e9e)<\/li><\/ul>\n\n\n\n<p>Enseignements facultatifs :&nbsp;<\/p>\n\n\n\n<ul><li>Projet de sp\u00e9cialisation :&nbsp;30h (1\u00e8re ann\u00e9e, 2\u00e8me ann\u00e9e)<\/li><li>Parcours de professionnalisation \u00e0 l&rsquo;\u00e9tranger :&nbsp;30h (1\u00e8re ann\u00e9e, 2\u00e8me ann\u00e9e)<\/li><li>LV3 (facultatif) : 60h (1\u00e8re ann\u00e9e, 2\u00e8me ann\u00e9e)<\/li><\/ul>\n\n\n\n<p>3 stages sur 14&nbsp;semaines compl\u00e8tent la formation.<\/p>\n\n\n\n<h2 class=\"wp-block-heading\">D\u00e9bouch\u00e9s du dipl\u00f4me<\/h2>\n\n\n\n<p>Les titulaires du <strong>BTS tourisme<\/strong> disposent d&rsquo;un large choix de d\u00e9bouch\u00e9s tant en terme d&rsquo;entreprises que de m\u00e9tiers.<\/p>\n\n\n\n<p>Les entreprises dans lesquelles ils s&rsquo;ins\u00e8rent peuvent \u00eatre class\u00e9es en 4 grands groupes :<\/p>\n\n\n\n<ul><li>les entreprises de <strong>tourisme<\/strong> (agences de voyages, tours op\u00e9rateurs, centrales de r\u00e9servation, parcs d\u2019attractions, sites de loisirs, loueurs de v\u00e9hicules),<\/li><li>les organismes de tourisme territoriaux (offices de tourisme, parcs naturels, comit\u00e9s d\u00e9partementaux et r\u00e9gionaux du tourisme, associations de d\u00e9veloppement patrimonial ou <strong>touristique<\/strong>),<\/li><li>les entreprises de transports de personnes (autocaristes, compagnies a\u00e9riennes et ferroviaires, transporteurs maritimes et fluviaux, croisi\u00e9ristes),<\/li><li>les entreprises d\u2019h\u00e9bergement (clubs et villages vacances, campings, cha\u00eenes h\u00f4teli\u00e8res, centres de congr\u00e8s et d\u2019affaires).<\/li><\/ul>\n\n\n\n<p>Les emplois exerc\u00e9s sont eux aussi tr\u00e8s diversifi\u00e9s et de statut h\u00e9t\u00e9rog\u00e8ne. Dans les entreprises de tourisme, le titulaire du <strong>BTS tourisme <\/strong>d\u00e9marre g\u00e9n\u00e9ralement comme conseiller voyage ou forfaitiste \u00ab junior \u00bb. Dans les organismes de tourisme territoriaux, il peut \u00eatre dans un premier temps conseiller\/animateur\/charg\u00e9 de promotion du tourisme local, m\u00e9diateur culturel. Dans le domaine de l\u2019h\u00e9bergement, des d\u00e9placements touristiques et de l\u2019accueil, il d\u00e9bute le plus souvent comme technicien d\u2019accueil touristique, employ\u00e9 de loisirs ou d\u2019attractions, animateur. Il peut occuper aussi les emplois d\u2019agent de vente et de r\u00e9servation, de gestionnaire d\u2019\u00e9quipement ou de site, de responsable animation ou d\u2019accueil.<\/p>\n\n\n\n<h2 class=\"wp-block-heading\">\u00c9volution de carri\u00e8re<\/h2>\n\n\n\n<p>Apr\u00e8s quelques ann\u00e9es d&rsquo;exp\u00e9rience au sein d&rsquo;une entreprise de tourisme, le titulaire du <strong>BTS Tourisme <\/strong>peut \u00e9voluer vers des postes plus confirm\u00e9s ou des postes d\u2019encadrement. Au sein d&rsquo;organismes territoriaux, de structures d&rsquo;h\u00e9bergements ou d&rsquo;accueil, il est \u00e0 m\u00eame apr\u00e8s quelques ann\u00e9es d&rsquo;en assumer la direction adjointe pour ensuite prendre en charge compl\u00e8tement la structure.<\/p>\n\n\n\n<h2 class=\"wp-block-heading\">Poursuite d&rsquo;\u00e9tudes<\/h2>\n\n\n\n<p>Le<strong> BTS tourisme<\/strong> est con\u00e7u pour une insertion professionnelle. Les meilleurs \u00e9l\u00e8ves peuvent poursuivre leurs \u00e9tudes en licence pro afin de se sp\u00e9cialiser dans un type de fonctions ou de services (management, commercialisation, e-tourisme) ou de <strong>tourisme <\/strong>(\u00e9cotourisme, loisirs sportifs).<\/p>\n\n\n\n<p>De nombreuses licences professionnelles sont propos\u00e9es dans ces diff\u00e9rents domaines :<\/p>\n\n\n\n<ul><li>licence pro m\u00e9tiers du tourisme : commercialisation des produits touristiques&nbsp;<\/li><li>licence pro m\u00e9tiers du tourisme : communication et valorisation des territoires<\/li><li>licence pro tourisme et loisirs sportifs<\/li><li>licence pro m\u00e9tiers du tourisme et des loisirs<\/li><li>licence pro organisation et gestion des \u00e9tablissements h\u00f4teliers et de restauration<\/li><li>licence pro agronomie sp\u00e9cialit\u00e9 valorisation des produits et des espaces montagnards<\/li><li>licence pro commerce et distribution sp\u00e9cialit\u00e9 conception et commercialisation de produits touristiques<\/li><li>licence pro d\u00e9veloppement de projets de territoires sp\u00e9cialit\u00e9 concepteur et accompagnateur en \u00e9cotourisme, accueil, gestion touristique<\/li><\/ul>\n","protected":false},"excerpt":{"rendered":"<p>https:\/\/www.facebook.com\/groups\/193619114114392\/discussion\/preview Organisation et contenu de la formation BTS Tourisme Le BTS Tourisme est une formation g\u00e9n\u00e9raliste qui comprend 31h d\u2019enseignements hebdomadaires (cours, travaux dirig\u00e9s, travaux pratiques) en 1\u00e8re ann\u00e9e et en 2\u00e8me ann\u00e9e. Les&nbsp; horaires, pour la formation initiale, s&rsquo;organisent comme suit : Culture g\u00e9n\u00e9rale et expression : 2h (1\u00e8re ann\u00e9e, 2\u00e8me ann\u00e9e) LV1(anglais) : &hellip; <a href=\"https:\/\/btstourisme.jfguillou.fr\/index.php\/le-bts-tourisme\/\">Continue reading <span class=\"meta-nav\">&rarr;<\/span><\/a><\/p>\n","protected":false},"author":1,"featured_media":0,"parent":0,"menu_order":0,"comment_status":"closed","ping_status":"closed","template":"","meta":[],"_links":{"self":[{"href":"https:\/\/btstourisme.jfguillou.fr\/index.php\/wp-json\/wp\/v2\/pages\/1280"}],"collection":[{"href":"https:\/\/btstourisme.jfguillou.fr\/index.php\/wp-json\/wp\/v2\/pages"}],"about":[{"href":"https:\/\/btstourisme.jfguillou.fr\/index.php\/wp-json\/wp\/v2\/types\/page"}],"author":[{"embeddable":true,"href":"https:\/\/btstourisme.jfguillou.fr\/index.php\/wp-json\/wp\/v2\/users\/1"}],"replies":[{"embeddable":true,"href":"https:\/\/btstourisme.jfguillou.fr\/index.php\/wp-json\/wp\/v2\/comments?post=1280"}],"version-history":[{"count":0,"href":"https:\/\/btstourisme.jfguillou.fr\/index.php\/wp-json\/wp\/v2\/pages\/1280\/revisions"}],"wp:attachment":[{"href":"https:\/\/btstourisme.jfguillou.fr\/index.php\/wp-json\/wp\/v2\/media?parent=1280"}],"curies":[{"name":"wp","href":"https:\/\/api.w.org\/{rel}","templated":true}]}}