{"id":1268,"date":"2022-11-06T17:58:26","date_gmt":"2022-11-06T16:58:26","guid":{"rendered":"https:\/\/lewebpedagogique.com\/btscss76\/?page_id=1268"},"modified":"2022-11-06T17:58:26","modified_gmt":"2022-11-06T16:58:26","slug":"sortie-normande-oct-2022","status":"publish","type":"page","link":"https:\/\/btstourisme.jfguillou.fr\/index.php\/sortie-normande-oct-2022\/","title":{"rendered":"Sortie normande oct. 2022"},"content":{"rendered":"\n<p>CAEN \/ BAYEUX<\/p>\n\n\n\n<figure class=\"wp-block-embed is-type-video is-provider-youtube wp-block-embed-youtube wp-embed-aspect-16-9 wp-has-aspect-ratio\"><div class=\"wp-block-embed__wrapper\">\n<iframe loading=\"lazy\" title=\"Vide\u0301o sortie d&#039;inte\u0301gration BTS Tourisme\" width=\"600\" height=\"338\" src=\"https:\/\/www.youtube.com\/embed\/DgoyDffR-yA?feature=oembed\" frameborder=\"0\" allow=\"accelerometer; autoplay; clipboard-write; encrypted-media; gyroscope; picture-in-picture\" allowfullscreen><\/iframe>\n<\/div><\/figure>\n\n\n\n<figure class=\"wp-block-image size-large\"><img decoding=\"async\" loading=\"lazy\" width=\"1024\" height=\"860\" src=\"https:\/\/lewebpedagogique.com\/btscss76\/files\/2022\/11\/IMG_2803-1024x860.jpeg\" alt=\"\" class=\"wp-image-1277\" srcset=\"https:\/\/btstourisme.jfguillou.fr\/wp-content\/uploads\/2022\/11\/IMG_2803-1024x860.jpeg 1024w, https:\/\/btstourisme.jfguillou.fr\/wp-content\/uploads\/2022\/11\/IMG_2803-300x252.jpeg 300w, https:\/\/btstourisme.jfguillou.fr\/wp-content\/uploads\/2022\/11\/IMG_2803-768x645.jpeg 768w, https:\/\/btstourisme.jfguillou.fr\/wp-content\/uploads\/2022\/11\/IMG_2803-1536x1290.jpeg 1536w, https:\/\/btstourisme.jfguillou.fr\/wp-content\/uploads\/2022\/11\/IMG_2803.jpeg 1934w\" sizes=\"(max-width: 1024px) 100vw, 1024px\" \/><figcaption>Ch\u00e2teau de Caen<\/figcaption><\/figure>\n\n\n\n<p>La BD de L\u00e9a<\/p>\n\n\n\n<div class=\"wp-block-file\"><object class=\"wp-block-file__embed\" data=\"https:\/\/lewebpedagogique.com\/btscss76\/files\/2022\/11\/BTS_RILCY_BDVOYAGES.pdf.pdf\" type=\"application\/pdf\" style=\"width:100%;height:600px\" aria-label=\"Contenu embarqu\u00e9 Contenu embarqu\u00e9 BTS_RILCY_BDVOYAGES.pdf..\"><\/object><a id=\"wp-block-file--media-14bcdca4-8f08-4ec1-a556-574f6f72220f\" href=\"https:\/\/lewebpedagogique.com\/btscss76\/files\/2022\/11\/BTS_RILCY_BDVOYAGES.pdf.pdf\">BTS_RILCY_BDVOYAGES.pdf<\/a><a href=\"https:\/\/lewebpedagogique.com\/btscss76\/files\/2022\/11\/BTS_RILCY_BDVOYAGES.pdf.pdf\" class=\"wp-block-file__button\" download aria-describedby=\"wp-block-file--media-14bcdca4-8f08-4ec1-a556-574f6f72220f\">T\u00e9l\u00e9charger<\/a><\/div>\n\n\n\n<p>La BD de Matt\u00e9o<\/p>\n\n\n\n<div class=\"wp-block-file\"><object class=\"wp-block-file__embed\" data=\"https:\/\/lewebpedagogique.com\/btscss76\/files\/2022\/11\/BTS1_CAVE_BDVOYAGE.pdf\" type=\"application\/pdf\" style=\"width:100%;height:600px\" aria-label=\"Contenu embarqu\u00e9 Contenu embarqu\u00e9 BTS1_CAVE_BDVOYAGE..\"><\/object><a id=\"wp-block-file--media-e74000ca-9aba-4ac1-8153-d7bc8cf389e9\" href=\"https:\/\/lewebpedagogique.com\/btscss76\/files\/2022\/11\/BTS1_CAVE_BDVOYAGE.pdf\">BTS1_CAVE_BDVOYAGE<\/a><a href=\"https:\/\/lewebpedagogique.com\/btscss76\/files\/2022\/11\/BTS1_CAVE_BDVOYAGE.pdf\" class=\"wp-block-file__button\" download aria-describedby=\"wp-block-file--media-e74000ca-9aba-4ac1-8153-d7bc8cf389e9\">T\u00e9l\u00e9charger<\/a><\/div>\n\n\n\n<p>La BD d&rsquo;Ana\u00efs<\/p>\n\n\n\n<div class=\"wp-block-file\"><object class=\"wp-block-file__embed\" data=\"https:\/\/lewebpedagogique.com\/btscss76\/files\/2022\/11\/BTS1_CABRELLI_BDVOYAGE.pdf\" type=\"application\/pdf\" style=\"width:100%;height:600px\" aria-label=\"Contenu embarqu\u00e9 Contenu embarqu\u00e9 BTS1_CABRELLI_BDVOYAGE..\"><\/object><a id=\"wp-block-file--media-eb94b9d0-3468-4940-8618-91144b726b70\" href=\"https:\/\/lewebpedagogique.com\/btscss76\/files\/2022\/11\/BTS1_CABRELLI_BDVOYAGE.pdf\">BTS1_CABRELLI_BDVOYAGE<\/a><a href=\"https:\/\/lewebpedagogique.com\/btscss76\/files\/2022\/11\/BTS1_CABRELLI_BDVOYAGE.pdf\" class=\"wp-block-file__button\" download aria-describedby=\"wp-block-file--media-eb94b9d0-3468-4940-8618-91144b726b70\">T\u00e9l\u00e9charger<\/a><\/div>\n\n\n\n<div class=\"wp-block-file\"><object class=\"wp-block-file__embed\" data=\"https:\/\/lewebpedagogique.com\/btscss76\/files\/2022\/11\/BTS1_CARPENTIER_BDVOYAGE.pdf\" type=\"application\/pdf\" style=\"width:100%;height:600px\" aria-label=\"Contenu embarqu\u00e9 Contenu embarqu\u00e9 BTS1_CARPENTIER_BDVOYAGE..\"><\/object><a id=\"wp-block-file--media-5713e101-5da7-42c9-addb-69ec426b1309\" href=\"https:\/\/lewebpedagogique.com\/btscss76\/files\/2022\/11\/BTS1_CARPENTIER_BDVOYAGE.pdf\">BTS1_CARPENTIER_BDVOYAGE<\/a><a href=\"https:\/\/lewebpedagogique.com\/btscss76\/files\/2022\/11\/BTS1_CARPENTIER_BDVOYAGE.pdf\" class=\"wp-block-file__button\" download aria-describedby=\"wp-block-file--media-5713e101-5da7-42c9-addb-69ec426b1309\">T\u00e9l\u00e9charger<\/a><\/div>\n","protected":false},"excerpt":{"rendered":"<p>CAEN \/ BAYEUX La BD de L\u00e9a La BD de Matt\u00e9o La BD d&rsquo;Ana\u00efs<\/p>\n","protected":false},"author":1,"featured_media":0,"parent":0,"menu_order":0,"comment_status":"closed","ping_status":"closed","template":"","meta":[],"_links":{"self":[{"href":"https:\/\/btstourisme.jfguillou.fr\/index.php\/wp-json\/wp\/v2\/pages\/1268"}],"collection":[{"href":"https:\/\/btstourisme.jfguillou.fr\/index.php\/wp-json\/wp\/v2\/pages"}],"about":[{"href":"https:\/\/btstourisme.jfguillou.fr\/index.php\/wp-json\/wp\/v2\/types\/page"}],"author":[{"embeddable":true,"href":"https:\/\/btstourisme.jfguillou.fr\/index.php\/wp-json\/wp\/v2\/users\/1"}],"replies":[{"embeddable":true,"href":"https:\/\/btstourisme.jfguillou.fr\/index.php\/wp-json\/wp\/v2\/comments?post=1268"}],"version-history":[{"count":0,"href":"https:\/\/btstourisme.jfguillou.fr\/index.php\/wp-json\/wp\/v2\/pages\/1268\/revisions"}],"wp:attachment":[{"href":"https:\/\/btstourisme.jfguillou.fr\/index.php\/wp-json\/wp\/v2\/media?parent=1268"}],"curies":[{"name":"wp","href":"https:\/\/api.w.org\/{rel}","templated":true}]}}